{"id":35278,"date":"2021-05-05T19:49:44","date_gmt":"2021-05-05T19:49:44","guid":{"rendered":"https:\/\/www.5adesign.com.tr\/malzemeler\/"},"modified":"2021-05-29T09:49:41","modified_gmt":"2021-05-29T09:49:41","slug":"malzemeler","status":"publish","type":"page","link":"https:\/\/www.5adesign.com.tr\/tr\/malzemeler\/","title":{"rendered":"Malzemeler"},"content":{"rendered":"<p><div class=\"fusion-fullwidth fullwidth-box fusion-builder-row-1 hundred-percent-fullwidth non-hundred-percent-height-scrolling\" style=\"--awb-border-radius-top-left:0px;--awb-border-radius-top-right:0px;--awb-border-radius-bottom-right:0px;--awb-border-radius-bottom-left:0px;--awb-padding-top:-30px;--awb-padding-right:0px;--awb-padding-bottom:-24px;--awb-padding-left:0px;--awb-margin-top:-60px;--awb-margin-bottom:-24px;--awb-flex-wrap:wrap;\" ><div class=\"fusion-builder-row fusion-row\"><div class=\"fusion-layout-column fusion_builder_column fusion-builder-column-0 fusion_builder_column_1_1 1_1 fusion-one-full fusion-column-first fusion-column-last\" style=\"--awb-bg-size:cover;\"><div class=\"fusion-column-wrapper fusion-column-has-shadow fusion-flex-column-wrapper-legacy\"><div class=\"fusion-sep-clear\"><\/div><div class=\"fusion-separator fusion-full-width-sep\" style=\"margin-left: auto;margin-right: auto;margin-top:6px;margin-bottom:24px;width:100%;\"><div class=\"fusion-separator-border sep-single sep-solid\" style=\"--awb-height:20px;--awb-amount:20px;--awb-sep-color:#ffffff;border-color:#ffffff;border-top-width:2px;\"><\/div><\/div><div class=\"fusion-sep-clear\"><\/div><div class=\"fusion-clearfix\"><\/div><\/div><\/div><\/div><\/div>\n<div class=\"fusion-fullwidth fullwidth-box fusion-builder-row-2 nonhundred-percent-fullwidth non-hundred-percent-height-scrolling\" style=\"--awb-border-radius-top-left:0px;--awb-border-radius-top-right:0px;--awb-border-radius-bottom-right:0px;--awb-border-radius-bottom-left:0px;--awb-margin-top:-44px;--awb-margin-bottom:-60px;--awb-background-color:#f4f4f4;--awb-flex-wrap:wrap;\" ><div class=\"fusion-builder-row fusion-row\"><div class=\"fusion-layout-column fusion_builder_column fusion-builder-column-1 fusion_builder_column_1_1 1_1 fusion-one-full fusion-column-first fusion-column-last\" style=\"--awb-bg-size:cover;\"><div class=\"fusion-column-wrapper fusion-column-has-shadow fusion-flex-column-wrapper-legacy\"><div class=\"fusion-widget-area awb-widget-area-element fusion-widget-area-1 fusion-content-widget-area\" style=\"--awb-title-size:15px;--awb-title-color:#333333;--awb-padding:0px 0px -12px 0px;\"><div id=\"menu-widget-13\" class=\"widget menu\" style=\"padding: 21px;border-style: solid;border-color:transparent;border-width:0px;\"><style type=\"text\/css\">#menu-widget-13{text-align:center;}#fusion-menu-widget-13 li{display:inline-block;}#fusion-menu-widget-13 ul li a{display:inline-block;padding:0;border:0;color:#3a3a3a;font-size:16.5px;}#fusion-menu-widget-13 ul li a:after{content:\"\";color:#3a3a3a;padding-right:18px;padding-left:18px;font-size:16.5px;}#fusion-menu-widget-13 ul li a:hover,#fusion-menu-widget-13 ul .menu-item.current-menu-item a{color:#03a9f4;}#fusion-menu-widget-13 ul li:last-child a:after{display:none;}#fusion-menu-widget-13 ul li .fusion-widget-cart-number{margin:0 7px;background-color:#03a9f4;color:#3a3a3a;}#fusion-menu-widget-13 ul li.fusion-active-cart-icon .fusion-widget-cart-icon:after{color:#03a9f4;}<\/style><nav id=\"fusion-menu-widget-13\" class=\"fusion-widget-menu\" aria-label=\"Secondary Navigation: \"><ul id=\"menu-malzemeler\" class=\"menu\"><li id=\"menu-item-35567\" class=\"menu-item menu-item-type-post_type menu-item-object-page menu-item-35567\"><a href=\"https:\/\/www.5adesign.com.tr\/tr\/malzemeler\/kumaslar\/\">Kuma\u015flar<\/a><\/li><li id=\"menu-item-35568\" class=\"menu-item menu-item-type-post_type menu-item-object-page menu-item-35568\"><a href=\"https:\/\/www.5adesign.com.tr\/tr\/malzemeler\/yuzeyler\/\">Y\u00fczeyler<\/a><\/li><\/ul><\/nav><\/div><div class=\"fusion-additional-widget-content\"><\/div><\/div><div class=\"fusion-clearfix\"><\/div><\/div><\/div><\/div><\/div>\n<div class=\"fusion-fullwidth fullwidth-box fusion-builder-row-3 fusion-flex-container nonhundred-percent-fullwidth non-hundred-percent-height-scrolling\" style=\"--awb-border-radius-top-left:0px;--awb-border-radius-top-right:0px;--awb-border-radius-bottom-right:0px;--awb-border-radius-bottom-left:0px;--awb-margin-bottom:15px;--awb-flex-wrap:wrap;\" ><div class=\"fusion-builder-row fusion-row fusion-flex-align-items-flex-start fusion-flex-content-wrap\" style=\"max-width:1456px;margin-left: calc(-4% \/ 2 );margin-right: calc(-4% \/ 2 );\"><div class=\"fusion-layout-column fusion_builder_column fusion-builder-column-2 fusion_builder_column_1_6 1_6 fusion-flex-column\" style=\"--awb-bg-size:cover;--awb-width-large:16.666666666667%;--awb-margin-top-large:0px;--awb-spacing-right-large:11.52%;--awb-margin-bottom-large:20px;--awb-spacing-left-large:11.52%;--awb-width-medium:100%;--awb-order-medium:0;--awb-spacing-right-medium:1.92%;--awb-spacing-left-medium:1.92%;--awb-width-small:100%;--awb-order-small:0;--awb-spacing-right-small:1.92%;--awb-spacing-left-small:1.92%;\"><div class=\"fusion-column-wrapper fusion-column-has-shadow fusion-flex-justify-content-flex-start fusion-content-layout-column\"><\/div><\/div><div class=\"fusion-layout-column fusion_builder_column fusion-builder-column-3 fusion_builder_column_2_3 2_3 fusion-flex-column\" style=\"--awb-bg-size:cover;--awb-width-large:66.666666666667%;--awb-margin-top-large:0px;--awb-spacing-right-large:2.88%;--awb-margin-bottom-large:20px;--awb-spacing-left-large:2.88%;--awb-width-medium:100%;--awb-order-medium:0;--awb-spacing-right-medium:1.92%;--awb-spacing-left-medium:1.92%;--awb-width-small:100%;--awb-order-small:0;--awb-spacing-right-small:1.92%;--awb-spacing-left-small:1.92%;\"><div class=\"fusion-column-wrapper fusion-column-has-shadow fusion-flex-justify-content-flex-start fusion-content-layout-column\"><div class=\"fusion-title title fusion-title-1 fusion-sep-none fusion-title-center fusion-title-text fusion-title-size-four\" style=\"--awb-text-color:#000000;--awb-margin-top:30px;--awb-margin-bottom:18px;--awb-margin-top-small:0px;--awb-margin-right-small:0px;--awb-margin-bottom-small:20px;--awb-margin-left-small:0px;\"><h4 class=\"fusion-title-heading title-heading-center fusion-responsive-typography-calculated\" style=\"font-family:&quot;Futura Book&quot;;font-style:normal;font-weight:400;margin:0;--fontSize:18;--minFontSize:18;line-height:1.43;\"><span style=\"font-size: 36pt; font-family: futura book;\">MALZEMELER<\/span><\/h4><\/div><div class=\"fusion-text fusion-text-1\"><p style=\"text-align: center;\"><span style=\"font-family: 'futura book'; color: #3a3a3a; font-size: 12pt;\">5A Koleksiyonlar\u0131, t\u00fcm s\u00fcre\u00e7lerde her ayr\u0131nt\u0131ya dikkat edilerek ve \u00f6zen g\u00f6sterilerek \u00fcretilmektedir. Kulland\u0131\u011f\u0131m\u0131z malzemeler, birbirinden farkl\u0131 \u00e7\u00f6z\u00fcmler sunmam\u0131z\u0131 sa\u011flayan \u00e7ok \u00e7e\u015fitli ki\u015fiselle\u015ftirme olanaklar\u0131na imkan sa\u011flar. 5A, m\u00fc\u015fterilere karar a\u015famas\u0131nda yard\u0131mc\u0131 olan kulland\u0131\u011f\u0131 sertifikal\u0131 malzemeleri gururla sunar.<\/span><\/p>\n<\/div><\/div><\/div><div class=\"fusion-layout-column fusion_builder_column fusion-builder-column-4 fusion_builder_column_1_6 1_6 fusion-flex-column\" style=\"--awb-bg-size:cover;--awb-width-large:16.666666666667%;--awb-margin-top-large:0px;--awb-spacing-right-large:11.52%;--awb-margin-bottom-large:20px;--awb-spacing-left-large:11.52%;--awb-width-medium:100%;--awb-order-medium:0;--awb-spacing-right-medium:1.92%;--awb-spacing-left-medium:1.92%;--awb-width-small:100%;--awb-order-small:0;--awb-spacing-right-small:1.92%;--awb-spacing-left-small:1.92%;\"><div class=\"fusion-column-wrapper fusion-column-has-shadow fusion-flex-justify-content-flex-start fusion-content-layout-column\"><\/div><\/div><\/div><\/div><div class=\"fusion-fullwidth fullwidth-box fusion-builder-row-4 nonhundred-percent-fullwidth non-hundred-percent-height-scrolling\" style=\"--awb-border-radius-top-left:0px;--awb-border-radius-top-right:0px;--awb-border-radius-bottom-right:0px;--awb-border-radius-bottom-left:0px;--awb-flex-wrap:wrap;\" ><div class=\"fusion-builder-row fusion-row\"><div class=\"fusion-layout-column fusion_builder_column fusion-builder-column-5 fusion_builder_column_1_2 1_2 fusion-one-half fusion-column-first\" style=\"--awb-bg-size:cover;width:50%;width:calc(50% - ( ( 4% ) * 0.5 ) );margin-right: 4%;\"><div class=\"fusion-column-wrapper fusion-column-has-shadow fusion-flex-column-wrapper-legacy\"><div class=\"fusion-image-element fusion-image-align-center in-legacy-container\" style=\"text-align:center;--awb-caption-title-font-family:var(--h2_typography-font-family);--awb-caption-title-font-weight:var(--h2_typography-font-weight);--awb-caption-title-font-style:var(--h2_typography-font-style);--awb-caption-title-size:var(--h2_typography-font-size);--awb-caption-title-transform:var(--h2_typography-text-transform);--awb-caption-title-line-height:var(--h2_typography-line-height);--awb-caption-title-letter-spacing:var(--h2_typography-letter-spacing);\"><div class=\"imageframe-align-center\"><span class=\" fusion-imageframe imageframe-dropshadow imageframe-1 hover-type-none\" style=\"-webkit-box-shadow: 1px 1px 5px rgba(0,0,0,0.3);box-shadow: 1px 1px 5px rgba(0,0,0,0.3);\"><a class=\"fusion-no-lightbox\" href=\"https:\/\/www.5adesign.com.tr\/tr\/malzemeler\/kumaslar\/\" target=\"_self\" aria-label=\"Materials \/ fabrics collage in green\"><img decoding=\"async\" width=\"800\" height=\"489\" alt=\"Materials, Fabrics collage in green\" src=\"https:\/\/www.5adesign.com.tr\/wp-content\/uploads\/2020\/04\/Fabrics-cover-1-800x489.png\" class=\"img-responsive wp-image-34057\"\/><\/a><\/span><\/div><\/div><div class=\"fusion-title title fusion-title-2 fusion-sep-none fusion-title-center fusion-title-text fusion-title-size-five\" style=\"--awb-margin-top-small:0px;--awb-margin-right-small:0px;--awb-margin-bottom-small:20px;--awb-margin-left-small:0px;\"><h5 class=\"fusion-title-heading title-heading-center fusion-responsive-typography-calculated\" style=\"margin:0;--fontSize:13;--minFontSize:13;line-height:3;\"><p style=\"text-align: center;\"><span style=\"font-size: 14pt;\"><a href=\"https:\/\/www.5adesign.com.tr\/tr\/malzemeler\/kumaslar\/\"><span style=\"font-family: futura book;\">Kuma\u015flar<\/span><\/a><\/span><\/p><\/h5><\/div><div class=\"fusion-clearfix\"><\/div><\/div><\/div><div class=\"fusion-layout-column fusion_builder_column fusion-builder-column-6 fusion_builder_column_1_2 1_2 fusion-one-half fusion-column-last\" style=\"--awb-bg-size:cover;width:50%;width:calc(50% - ( ( 4% ) * 0.5 ) );\"><div class=\"fusion-column-wrapper fusion-column-has-shadow fusion-flex-column-wrapper-legacy\"><div class=\"fusion-image-element fusion-image-align-center in-legacy-container\" style=\"text-align:center;--awb-caption-title-font-family:var(--h2_typography-font-family);--awb-caption-title-font-weight:var(--h2_typography-font-weight);--awb-caption-title-font-style:var(--h2_typography-font-style);--awb-caption-title-size:var(--h2_typography-font-size);--awb-caption-title-transform:var(--h2_typography-text-transform);--awb-caption-title-line-height:var(--h2_typography-line-height);--awb-caption-title-letter-spacing:var(--h2_typography-letter-spacing);\"><div class=\"imageframe-align-center\"><span class=\" fusion-imageframe imageframe-dropshadow imageframe-2 hover-type-none\" style=\"-webkit-box-shadow: 1px 1px 5px rgba(0,0,0,0.3);box-shadow: 1px 1px 5px rgba(0,0,0,0.3);\"><a class=\"fusion-no-lightbox\" href=\"https:\/\/www.5adesign.com.tr\/tr\/malzemeler\/yuzeyler\/\" target=\"_self\" aria-label=\"Malzemeler \/ ah\u015fap ve mermer y\u00fczeyleri kolaj\u0131\"><img decoding=\"async\" width=\"800\" height=\"489\" alt=\"Malzemeler, Ah\u015fap ve mermer kolaj\u0131\" src=\"https:\/\/www.5adesign.com.tr\/wp-content\/uploads\/2020\/04\/Finishes-cover-1-800x489.png\" class=\"img-responsive wp-image-34058\"\/><\/a><\/span><\/div><\/div><div class=\"fusion-title title fusion-title-3 fusion-sep-none fusion-title-center fusion-title-text fusion-title-size-five\" style=\"--awb-margin-top-small:0px;--awb-margin-right-small:0px;--awb-margin-bottom-small:20px;--awb-margin-left-small:0px;\"><h5 class=\"fusion-title-heading title-heading-center fusion-responsive-typography-calculated\" style=\"margin:0;--fontSize:13;--minFontSize:13;line-height:3;\"><p style=\"text-align: center;\"><span style=\"font-size: 14pt;\"><a href=\"https:\/\/www.5adesign.com.tr\/tr\/malzemeler\/kumaslar\/\"><span style=\"font-family: futura book;\">Y\u00fczeyler<\/span><\/a><\/span><\/p><\/h5><\/div><div class=\"fusion-clearfix\"><\/div><\/div><\/div><\/div><\/div><div id=\"B\u00fclten\" class=\"fusion-container-anchor\"><div class=\"fusion-fullwidth fullwidth-box fusion-builder-row-5 hundred-percent-fullwidth non-hundred-percent-height-scrolling\" style=\"--awb-border-sizes-top:0px;--awb-border-sizes-bottom:0px;--awb-border-sizes-left:0px;--awb-border-sizes-right:0px;--awb-border-color:#828282;--awb-border-style:dotted;--awb-border-radius-top-left:0px;--awb-border-radius-top-right:0px;--awb-border-radius-bottom-right:0px;--awb-border-radius-bottom-left:0px;--awb-padding-top:45px;--awb-padding-right:30px;--awb-padding-bottom:40px;--awb-padding-left:30px;--awb-margin-top:36px;--awb-margin-bottom:-40px;--awb-background-color:#efefef;--awb-flex-wrap:wrap;\" ><div class=\"fusion-builder-row fusion-row\"><div class=\"fusion-layout-column fusion_builder_column fusion-builder-column-7 fusion_builder_column_1_1 1_1 fusion-one-full fusion-column-first fusion-column-last\" style=\"--awb-bg-size:cover;--awb-margin-top:-15px;--awb-margin-bottom:-10px;\"><div class=\"fusion-column-wrapper fusion-column-has-shadow fusion-flex-column-wrapper-legacy\"><div class=\"fusion-clearfix\"><\/div><\/div><\/div><div class=\"fusion-layout-column fusion_builder_column fusion-builder-column-8 fusion_builder_column_1_3 1_3 fusion-one-third fusion-column-first\" style=\"--awb-bg-size:cover;--awb-margin-bottom:0px;width:33.333333333333%;width:calc(33.333333333333% - ( ( 4% ) * 0.33333333333333 ) );margin-right: 4%;\"><div class=\"fusion-column-wrapper fusion-column-has-shadow fusion-flex-column-wrapper-legacy\"><div class=\"fusion-clearfix\"><\/div><\/div><\/div><\/div><\/div><\/div>\n<\/p>\n","protected":false},"excerpt":{"rendered":"","protected":false},"author":1,"featured_media":0,"parent":0,"menu_order":1,"comment_status":"closed","ping_status":"closed","template":"100-width.php","meta":{"_monsterinsights_skip_tracking":false,"_monsterinsights_sitenote_active":false,"_monsterinsights_sitenote_note":"","_monsterinsights_sitenote_category":0,"footnotes":""},"class_list":["post-35278","page","type-page","status-publish","hentry"],"yoast_head":"<!-- This site is optimized with the Yoast SEO plugin v27.5 - https:\/\/yoast.com\/product\/yoast-seo-wordpress\/ -->\n<title>Malzemeler; kuma\u015f, ah\u015fap, mermer, laminat &#8211; 5A<\/title>\n<meta name=\"description\" content=\"Projelere uygun mobilyalarda kullan\u0131lan malzemeleri inceleyebilirsiniz. Kartela kitaplar\u0131 ve bak\u0131m talimatlar\u0131 indirilebilir.\" \/>\n<meta name=\"robots\" content=\"index, follow, max-snippet:-1, max-image-preview:large, max-video-preview:-1\" \/>\n<link rel=\"canonical\" href=\"https:\/\/www.5adesign.com.tr\/tr\/malzemeler\/\" \/>\n<meta property=\"og:locale\" content=\"tr_TR\" \/>\n<meta property=\"og:type\" content=\"article\" \/>\n<meta property=\"og:title\" content=\"Malzemeler; kuma\u015f, ah\u015fap, mermer, laminat &#8211; 5A\" \/>\n<meta property=\"og:description\" content=\"Projelere uygun mobilyalarda kullan\u0131lan malzemeleri inceleyebilirsiniz. Kartela kitaplar\u0131 ve bak\u0131m talimatlar\u0131 indirilebilir.\" \/>\n<meta property=\"og:url\" content=\"https:\/\/www.5adesign.com.tr\/tr\/malzemeler\/\" \/>\n<meta property=\"og:site_name\" content=\"5A\" \/>\n<meta property=\"article:publisher\" content=\"https:\/\/www.facebook.com\/5adesign\" \/>\n<meta property=\"article:modified_time\" content=\"2021-05-29T09:49:41+00:00\" \/>\n<meta name=\"twitter:card\" content=\"summary_large_image\" \/>\n<meta name=\"twitter:site\" content=\"@5Adesign\" \/>\n<meta name=\"twitter:label1\" content=\"Tahmini okuma s\u00fcresi\" \/>\n\t<meta name=\"twitter:data1\" content=\"10 dakika\" \/>\n<script type=\"application\/ld+json\" class=\"yoast-schema-graph\">{\"@context\":\"https:\\\/\\\/schema.org\",\"@graph\":[{\"@type\":\"WebPage\",\"@id\":\"https:\\\/\\\/www.5adesign.com.tr\\\/tr\\\/malzemeler\\\/\",\"url\":\"https:\\\/\\\/www.5adesign.com.tr\\\/tr\\\/malzemeler\\\/\",\"name\":\"Malzemeler; kuma\u015f, ah\u015fap, mermer, laminat &#8211; 5A\",\"isPartOf\":{\"@id\":\"https:\\\/\\\/www.5adesign.com.tr\\\/tr\\\/#website\"},\"datePublished\":\"2021-05-05T19:49:44+00:00\",\"dateModified\":\"2021-05-29T09:49:41+00:00\",\"description\":\"Projelere uygun mobilyalarda kullan\u0131lan malzemeleri inceleyebilirsiniz. Kartela kitaplar\u0131 ve bak\u0131m talimatlar\u0131 indirilebilir.\",\"breadcrumb\":{\"@id\":\"https:\\\/\\\/www.5adesign.com.tr\\\/tr\\\/malzemeler\\\/#breadcrumb\"},\"inLanguage\":\"tr\",\"potentialAction\":[{\"@type\":\"ReadAction\",\"target\":[\"https:\\\/\\\/www.5adesign.com.tr\\\/tr\\\/malzemeler\\\/\"]}]},{\"@type\":\"BreadcrumbList\",\"@id\":\"https:\\\/\\\/www.5adesign.com.tr\\\/tr\\\/malzemeler\\\/#breadcrumb\",\"itemListElement\":[{\"@type\":\"ListItem\",\"position\":1,\"name\":\"Home\",\"item\":\"https:\\\/\\\/www.5adesign.com.tr\\\/tr\\\/anasayfa\\\/\"},{\"@type\":\"ListItem\",\"position\":2,\"name\":\"Malzemeler\"}]},{\"@type\":\"WebSite\",\"@id\":\"https:\\\/\\\/www.5adesign.com.tr\\\/tr\\\/#website\",\"url\":\"https:\\\/\\\/www.5adesign.com.tr\\\/tr\\\/\",\"name\":\"5A\",\"description\":\"Tasar\u0131m sandalye ve masa \u00fcretimi, kurulu\u015f 1986\",\"publisher\":{\"@id\":\"https:\\\/\\\/www.5adesign.com.tr\\\/tr\\\/#organization\"},\"potentialAction\":[{\"@type\":\"SearchAction\",\"target\":{\"@type\":\"EntryPoint\",\"urlTemplate\":\"https:\\\/\\\/www.5adesign.com.tr\\\/tr\\\/?s={search_term_string}\"},\"query-input\":{\"@type\":\"PropertyValueSpecification\",\"valueRequired\":true,\"valueName\":\"search_term_string\"}}],\"inLanguage\":\"tr\"},{\"@type\":\"Organization\",\"@id\":\"https:\\\/\\\/www.5adesign.com.tr\\\/tr\\\/#organization\",\"name\":\"5A Design\",\"url\":\"https:\\\/\\\/www.5adesign.com.tr\\\/tr\\\/\",\"logo\":{\"@type\":\"ImageObject\",\"inLanguage\":\"tr\",\"@id\":\"https:\\\/\\\/www.5adesign.com.tr\\\/tr\\\/#\\\/schema\\\/logo\\\/image\\\/\",\"url\":\"https:\\\/\\\/www.5adesign.com.tr\\\/wp-content\\\/uploads\\\/2019\\\/07\\\/5Aretina-4.jpg\",\"contentUrl\":\"https:\\\/\\\/www.5adesign.com.tr\\\/wp-content\\\/uploads\\\/2019\\\/07\\\/5Aretina-4.jpg\",\"width\":150,\"height\":150,\"caption\":\"5A Design\"},\"image\":{\"@id\":\"https:\\\/\\\/www.5adesign.com.tr\\\/tr\\\/#\\\/schema\\\/logo\\\/image\\\/\"},\"sameAs\":[\"https:\\\/\\\/www.facebook.com\\\/5adesign\",\"https:\\\/\\\/x.com\\\/5Adesign\",\"https:\\\/\\\/www.instagram.com\\\/5adesign\\\/\",\"https:\\\/\\\/www.linkedin.com\\\/company\\\/5a-design\",\"https:\\\/\\\/tr.pinterest.com\\\/5adesign\\\/\",\"https:\\\/\\\/www.youtube.com\\\/channel\\\/UCPjnPv-ToWdM_oPrYYMmOpA\"]}]}<\/script>\n<!-- \/ Yoast SEO plugin. -->","yoast_head_json":{"title":"Malzemeler; kuma\u015f, ah\u015fap, mermer, laminat &#8211; 5A","description":"Projelere uygun mobilyalarda kullan\u0131lan malzemeleri inceleyebilirsiniz. Kartela kitaplar\u0131 ve bak\u0131m talimatlar\u0131 indirilebilir.","robots":{"index":"index","follow":"follow","max-snippet":"max-snippet:-1","max-image-preview":"max-image-preview:large","max-video-preview":"max-video-preview:-1"},"canonical":"https:\/\/www.5adesign.com.tr\/tr\/malzemeler\/","og_locale":"tr_TR","og_type":"article","og_title":"Malzemeler; kuma\u015f, ah\u015fap, mermer, laminat &#8211; 5A","og_description":"Projelere uygun mobilyalarda kullan\u0131lan malzemeleri inceleyebilirsiniz. Kartela kitaplar\u0131 ve bak\u0131m talimatlar\u0131 indirilebilir.","og_url":"https:\/\/www.5adesign.com.tr\/tr\/malzemeler\/","og_site_name":"5A","article_publisher":"https:\/\/www.facebook.com\/5adesign","article_modified_time":"2021-05-29T09:49:41+00:00","twitter_card":"summary_large_image","twitter_site":"@5Adesign","twitter_misc":{"Tahmini okuma s\u00fcresi":"10 dakika"},"schema":{"@context":"https:\/\/schema.org","@graph":[{"@type":"WebPage","@id":"https:\/\/www.5adesign.com.tr\/tr\/malzemeler\/","url":"https:\/\/www.5adesign.com.tr\/tr\/malzemeler\/","name":"Malzemeler; kuma\u015f, ah\u015fap, mermer, laminat &#8211; 5A","isPartOf":{"@id":"https:\/\/www.5adesign.com.tr\/tr\/#website"},"datePublished":"2021-05-05T19:49:44+00:00","dateModified":"2021-05-29T09:49:41+00:00","description":"Projelere uygun mobilyalarda kullan\u0131lan malzemeleri inceleyebilirsiniz. Kartela kitaplar\u0131 ve bak\u0131m talimatlar\u0131 indirilebilir.","breadcrumb":{"@id":"https:\/\/www.5adesign.com.tr\/tr\/malzemeler\/#breadcrumb"},"inLanguage":"tr","potentialAction":[{"@type":"ReadAction","target":["https:\/\/www.5adesign.com.tr\/tr\/malzemeler\/"]}]},{"@type":"BreadcrumbList","@id":"https:\/\/www.5adesign.com.tr\/tr\/malzemeler\/#breadcrumb","itemListElement":[{"@type":"ListItem","position":1,"name":"Home","item":"https:\/\/www.5adesign.com.tr\/tr\/anasayfa\/"},{"@type":"ListItem","position":2,"name":"Malzemeler"}]},{"@type":"WebSite","@id":"https:\/\/www.5adesign.com.tr\/tr\/#website","url":"https:\/\/www.5adesign.com.tr\/tr\/","name":"5A","description":"Tasar\u0131m sandalye ve masa \u00fcretimi, kurulu\u015f 1986","publisher":{"@id":"https:\/\/www.5adesign.com.tr\/tr\/#organization"},"potentialAction":[{"@type":"SearchAction","target":{"@type":"EntryPoint","urlTemplate":"https:\/\/www.5adesign.com.tr\/tr\/?s={search_term_string}"},"query-input":{"@type":"PropertyValueSpecification","valueRequired":true,"valueName":"search_term_string"}}],"inLanguage":"tr"},{"@type":"Organization","@id":"https:\/\/www.5adesign.com.tr\/tr\/#organization","name":"5A Design","url":"https:\/\/www.5adesign.com.tr\/tr\/","logo":{"@type":"ImageObject","inLanguage":"tr","@id":"https:\/\/www.5adesign.com.tr\/tr\/#\/schema\/logo\/image\/","url":"https:\/\/www.5adesign.com.tr\/wp-content\/uploads\/2019\/07\/5Aretina-4.jpg","contentUrl":"https:\/\/www.5adesign.com.tr\/wp-content\/uploads\/2019\/07\/5Aretina-4.jpg","width":150,"height":150,"caption":"5A Design"},"image":{"@id":"https:\/\/www.5adesign.com.tr\/tr\/#\/schema\/logo\/image\/"},"sameAs":["https:\/\/www.facebook.com\/5adesign","https:\/\/x.com\/5Adesign","https:\/\/www.instagram.com\/5adesign\/","https:\/\/www.linkedin.com\/company\/5a-design","https:\/\/tr.pinterest.com\/5adesign\/","https:\/\/www.youtube.com\/channel\/UCPjnPv-ToWdM_oPrYYMmOpA"]}]}},"_links":{"self":[{"href":"https:\/\/www.5adesign.com.tr\/tr\/wp-json\/wp\/v2\/pages\/35278","targetHints":{"allow":["GET"]}}],"collection":[{"href":"https:\/\/www.5adesign.com.tr\/tr\/wp-json\/wp\/v2\/pages"}],"about":[{"href":"https:\/\/www.5adesign.com.tr\/tr\/wp-json\/wp\/v2\/types\/page"}],"author":[{"embeddable":true,"href":"https:\/\/www.5adesign.com.tr\/tr\/wp-json\/wp\/v2\/users\/1"}],"replies":[{"embeddable":true,"href":"https:\/\/www.5adesign.com.tr\/tr\/wp-json\/wp\/v2\/comments?post=35278"}],"version-history":[{"count":0,"href":"https:\/\/www.5adesign.com.tr\/tr\/wp-json\/wp\/v2\/pages\/35278\/revisions"}],"wp:attachment":[{"href":"https:\/\/www.5adesign.com.tr\/tr\/wp-json\/wp\/v2\/media?parent=35278"}],"curies":[{"name":"wp","href":"https:\/\/api.w.org\/{rel}","templated":true}]}}