{"id":37506,"date":"2021-05-09T18:21:16","date_gmt":"2021-05-09T18:21:16","guid":{"rendered":"https:\/\/www.5adesign.com.tr\/politique-de-confidentialite\/"},"modified":"2021-05-10T07:21:08","modified_gmt":"2021-05-10T07:21:08","slug":"politique-de-confidentialite","status":"publish","type":"page","link":"https:\/\/www.5adesign.com.tr\/fr\/politique-de-confidentialite\/","title":{"rendered":"Politique de confidentialit\u00e9"},"content":{"rendered":"<p><div class=\"fusion-fullwidth fullwidth-box fusion-builder-row-1 hundred-percent-fullwidth non-hundred-percent-height-scrolling\" style=\"--awb-border-radius-top-left:0px;--awb-border-radius-top-right:0px;--awb-border-radius-bottom-right:0px;--awb-border-radius-bottom-left:0px;--awb-padding-top:-30px;--awb-padding-right:0px;--awb-padding-bottom:-30px;--awb-padding-left:0px;--awb-margin-top:-78px;--awb-margin-bottom:-30px;--awb-flex-wrap:wrap;\" ><div class=\"fusion-builder-row fusion-row\"><div class=\"fusion-layout-column fusion_builder_column fusion-builder-column-0 fusion_builder_column_1_1 1_1 fusion-one-full fusion-column-first fusion-column-last\" style=\"--awb-padding-top:12px;--awb-bg-size:cover;--awb-margin-top:12px;\"><div class=\"fusion-column-wrapper fusion-column-has-shadow fusion-flex-column-wrapper-legacy\"><div class=\"fusion-sep-clear\"><\/div><div class=\"fusion-separator fusion-full-width-sep\" style=\"margin-left: auto;margin-right: auto;margin-top:px;margin-bottom:33px;width:100%;\"><div class=\"fusion-separator-border sep-single sep-solid\" style=\"--awb-height:20px;--awb-amount:20px;border-color:#e0dede;border-top-width:1px;\"><\/div><\/div><div class=\"fusion-sep-clear\"><\/div><div class=\"fusion-clearfix\"><\/div><\/div><\/div><\/div><\/div><div class=\"fusion-fullwidth fullwidth-box fusion-builder-row-2 nonhundred-percent-fullwidth non-hundred-percent-height-scrolling\" style=\"--awb-border-radius-top-left:0px;--awb-border-radius-top-right:0px;--awb-border-radius-bottom-right:0px;--awb-border-radius-bottom-left:0px;--awb-flex-wrap:wrap;\" ><div class=\"fusion-builder-row fusion-row\"><div class=\"fusion-layout-column fusion_builder_column fusion-builder-column-1 fusion_builder_column_1_1 1_1 fusion-one-full fusion-column-first fusion-column-last\" style=\"--awb-bg-size:cover;--awb-margin-bottom:0px;\"><div class=\"fusion-column-wrapper fusion-flex-column-wrapper-legacy\"><div class=\"fusion-text fusion-text-1\"><h1 class=\"wp-block-heading\" style=\"text-align: left;\"><span style=\"font-size: 24pt;\">Politique de confidentialit\u00e9<\/span><\/h1>\n<p style=\"text-align: left;\">At 5A Design, accessible from https:\/\/www.5adesign.com.tr\/, one of our main priorities is the privacy of our visitors. This Privacy Policy document contains types of information that are collected and recorded by 5A Design and how we use it.<\/p>\n<p style=\"text-align: left;\">If you have additional questions or require more information about our Privacy Policy, do not hesitate to contact us.<\/p>\n<p style=\"text-align: left;\">This Privacy Policy applies only to our online activities and is valid for visitors to our website with regards to the information that they shared and\/or collect in 5A Design. This policy is not applicable to any information collected offline or via channels other than this website.<\/p>\n<p>&nbsp;<\/p>\n<h2 style=\"text-align: left;\"><span style=\"font-size: 18pt;\">Consentement<\/span><\/h2>\n<p style=\"text-align: left;\">By using our website, you hereby consent to our Privacy Policy and agree to its terms.<\/p>\n<p>&nbsp;<\/p>\n<h2 style=\"text-align: left;\"><span style=\"font-size: 18pt;\">Les informations que nous collectons<\/span><\/h2>\n<p style=\"text-align: left;\">The personal information that you are asked to provide, and the reasons why you are asked to provide it, will be made clear to you at the point we ask you to provide your personal information.<\/p>\n<p style=\"text-align: left;\">If you contact us directly, we may receive additional information about you such as your name, email address, phone number, the contents of the message and\/or attachments you may send us, and any other information you may choose to provide.<\/p>\n<p style=\"text-align: left;\">When you register for an Account, we may ask for your contact information, including items such as name, company name, address, email address, and telephone number.<\/p>\n<p>&nbsp;<\/p>\n<h2 style=\"text-align: left;\"><span style=\"font-size: 18pt;\">Comment nous utilisons vos informations<\/span><\/h2>\n<p style=\"text-align: left;\">We use the information we collect in various ways, including to:<\/p>\n<ul style=\"text-align: left;\">\n<li>Provide, operate, and maintain our website<\/li>\n<li>Improve, personalize, and expand our website<\/li>\n<li>Understand and analyze how you use our website<\/li>\n<li>Develop new products, services, features, and functionality<\/li>\n<li>Communicate with you, either directly or through one of our partners, including for customer service, to provide you with updates and other information relating to the website, and for marketing and promotional purposes<\/li>\n<li>Send you emails<\/li>\n<li>Find and prevent fraud<\/li>\n<\/ul>\n<p>&nbsp;<\/p>\n<h2 style=\"text-align: left;\"><span style=\"font-size: 18pt;\">Fichiers journaux<\/span><\/h2>\n<p style=\"text-align: left;\">5A Design follows a standard procedure of using log files. These files log visitors when they visit websites. All hosting companies do this and a part of hosting services&rsquo; analytics. The information collected by log files includes internet protocol (IP) addresses, browser type, Internet Service Provider (ISP), date and time stamp, referring\/exit pages, and possibly the number of clicks. These are not linked to any information that is personally identifiable. The purpose of the information is for analyzing trends, administering the site, tracking users&rsquo; movement on the website, and gathering demographic information. Our Privacy Policy was created with the help of the <a href=\"https:\/\/www.privacypolicygenerator.info\/\">Privacy Policy Generator<\/a>\u00a0and the\u00a0<a href=\"https:\/\/www.disclaimergenerator.org\/\">Disclaimer Generator<\/a>.<\/p>\n<p>&nbsp;<\/p>\n<h2 style=\"text-align: left;\"><span style=\"font-size: 18pt;\">Politiques de confidentialit\u00e9 des partenaires publicitaires<\/span><\/h2>\n<p style=\"text-align: left;\">You may consult this list to find the Privacy Policy for each of the advertising partners of 5A Design.<\/p>\n<p style=\"text-align: left;\">Third-party ad servers or ad networks uses technologies like cookies, JavaScript, or Web Beacons that are used in their respective advertisements and links that appear on 5A Design, which are sent directly to users&rsquo; browser. They automatically receive your IP address when this occurs. These technologies are used to measure the effectiveness of their advertising campaigns and\/or to personalize the advertising content that you see on websites that you visit.<\/p>\n<p style=\"text-align: left;\">Note that 5A Design has no access to or control over these cookies that are used by third-party advertisers.<\/p>\n<p>&nbsp;<\/p>\n<h2 style=\"text-align: left;\"><span style=\"font-size: 18pt;\">Politiques de confidentialit\u00e9 des tiers<\/span><\/h2>\n<p style=\"text-align: left;\">5A Design&rsquo;s Privacy Policy does not apply to other advertisers or websites. Thus, we are advising you to consult the respective Privacy Policies of these third-party ad servers for more detailed information. It may include their practices and instructions about how to opt-out of certain options.<\/p>\n<p style=\"text-align: left;\">You can choose to disable cookies through your individual browser options. To know more detailed information about cookie management with specific web browsers, it can be found at the browsers&rsquo; respective websites.<\/p>\n<p>&nbsp;<\/p>\n<h2 style=\"text-align: left;\"><span style=\"font-size: 18pt;\">Droits de confidentialit\u00e9 de l&rsquo;ACCP (ne pas vendre mes informations personnelles)<\/span><\/h2>\n<p style=\"text-align: left;\">Under the CCPA, among other rights, California consumers have the right to:<\/p>\n<p style=\"text-align: left;\">Request that a business that collects a consumer&rsquo;s personal data disclose the categories and specific pieces of personal data that a business has collected about consumers.<\/p>\n<p style=\"text-align: left;\">Request that a business deletes any personal data about the consumer that a business has collected.<\/p>\n<p style=\"text-align: left;\">Request that a business that sells a consumer&rsquo;s personal data, not sell the consumer&rsquo;s personal data.<\/p>\n<p style=\"text-align: left;\">If you make a request, we have one month to respond to you. If you would like to exercise any of these rights, please contact us.<\/p>\n<p>&nbsp;<\/p>\n<h2 style=\"text-align: left;\"><span style=\"font-size: 18pt;\">Droits de protection des donn\u00e9es GDPR<\/span><\/h2>\n<p style=\"text-align: left;\">We would like to make sure you are fully aware of all of your data protection rights. Every user is entitled to the following:<\/p>\n<p style=\"text-align: left;\">The right to access \u2013 You have the right to request copies of your personal data. We may charge you a small fee for this service.<\/p>\n<p style=\"text-align: left;\">The right to rectification \u2013 You have the right to request that we correct any information you believe is inaccurate. You also have the right to request that we complete the information you believe is incomplete.<\/p>\n<p style=\"text-align: left;\">The right to erasure \u2013 You have the right to request that we erase your personal data, under certain conditions.<\/p>\n<p style=\"text-align: left;\">The right to restrict processing \u2013 You have the right to request that we restrict the processing of your personal data, under certain conditions.<\/p>\n<p style=\"text-align: left;\">The right to object to processing \u2013 You have the right to object to our processing of your personal data, under certain conditions.<\/p>\n<p style=\"text-align: left;\">The right to data portability \u2013 You have the right to request that we transfer the data that we have collected to another organization, or directly to you, under certain conditions.<\/p>\n<p style=\"text-align: left;\">If you make a request, we have one month to respond to you. If you would like to exercise any of these rights, please contact us.<\/p>\n<p>&nbsp;<\/p>\n<h2 style=\"text-align: left;\"><span style=\"font-size: 18pt;\">Informations sur les enfants<\/span><\/h2>\n<p style=\"text-align: left;\">Another part of our priority is adding protection for children while using the internet. We encourage parents and guardians to observe, participate in, and\/or monitor and guide their online activity.<\/p>\n<p style=\"text-align: left;\">5A Design does not knowingly collect any Personal Identifiable Information from children under the age of 13. If you think that your child provided this kind of information on our website, we strongly encourage you to contact us immediately and we will do our best efforts to promptly remove such information from our records.<\/p>\n<p>&nbsp;<\/p>\n<p>&nbsp;<\/p>\n<p>&nbsp;<\/p>\n<\/div><div class=\"fusion-clearfix\"><\/div><\/div><\/div><\/div><\/div><div id=\"Bulletin\" class=\"fusion-container-anchor\"><div class=\"fusion-fullwidth fullwidth-box fusion-builder-row-3 hundred-percent-fullwidth non-hundred-percent-height-scrolling\" style=\"--awb-border-sizes-top:0px;--awb-border-sizes-bottom:0px;--awb-border-sizes-left:0px;--awb-border-sizes-right:0px;--awb-border-color:#828282;--awb-border-style:dotted;--awb-border-radius-top-left:0px;--awb-border-radius-top-right:0px;--awb-border-radius-bottom-right:0px;--awb-border-radius-bottom-left:0px;--awb-padding-top:45px;--awb-padding-right:30px;--awb-padding-bottom:40px;--awb-padding-left:30px;--awb-margin-top:36px;--awb-margin-bottom:-40px;--awb-background-color:#efefef;--awb-flex-wrap:wrap;\" ><div class=\"fusion-builder-row fusion-row\"><div class=\"fusion-layout-column fusion_builder_column fusion-builder-column-2 fusion_builder_column_1_1 1_1 fusion-one-full fusion-column-first fusion-column-last\" style=\"--awb-bg-size:cover;--awb-margin-top:-15px;--awb-margin-bottom:-10px;\"><div class=\"fusion-column-wrapper fusion-column-has-shadow fusion-flex-column-wrapper-legacy\"><div class=\"fusion-clearfix\"><\/div><\/div><\/div><div class=\"fusion-layout-column fusion_builder_column fusion-builder-column-3 fusion_builder_column_1_3 1_3 fusion-one-third fusion-column-first\" style=\"--awb-bg-size:cover;--awb-margin-bottom:0px;width:33.333333333333%;width:calc(33.333333333333% - ( ( 4% ) * 0.33333333333333 ) );margin-right: 4%;\"><div class=\"fusion-column-wrapper fusion-column-has-shadow fusion-flex-column-wrapper-legacy\"><div class=\"fusion-clearfix\"><\/div><\/div><\/div><\/div><\/div><\/div>\n<\/p>","protected":false},"excerpt":{"rendered":"","protected":false},"author":1,"featured_media":0,"parent":0,"menu_order":0,"comment_status":"closed","ping_status":"closed","template":"100-width.php","meta":{"_monsterinsights_skip_tracking":false,"_monsterinsights_sitenote_active":false,"_monsterinsights_sitenote_note":"","_monsterinsights_sitenote_category":0,"footnotes":""},"class_list":["post-37506","page","type-page","status-publish","hentry"],"yoast_head":"<!-- This site is optimized with the Yoast SEO plugin v26.7 - https:\/\/yoast.com\/wordpress\/plugins\/seo\/ -->\n<title>Politique de confidentialit\u00e9 &#8211; 5A design meubles<\/title>\n<meta name=\"description\" content=\"Politique de confidentialit\u00e9: Si vous continuez \u00e0 naviguer sur notre site Web, vous acceptez les cookies et les services tiers que nous utilisons pour am\u00e9liorer l&#039;exp\u00e9rience de navigation.\" \/>\n<meta name=\"robots\" content=\"index, follow, max-snippet:-1, max-image-preview:large, max-video-preview:-1\" \/>\n<link rel=\"canonical\" href=\"https:\/\/www.5adesign.com.tr\/fr\/politique-de-confidentialite\/\" \/>\n<meta property=\"og:locale\" content=\"fr_FR\" \/>\n<meta property=\"og:type\" content=\"article\" \/>\n<meta property=\"og:title\" content=\"Politique de confidentialit\u00e9 &#8211; 5A design meubles\" \/>\n<meta property=\"og:description\" content=\"Politique de confidentialit\u00e9: Si vous continuez \u00e0 naviguer sur notre site Web, vous acceptez les cookies et les services tiers que nous utilisons pour am\u00e9liorer l&#039;exp\u00e9rience de navigation.\" \/>\n<meta property=\"og:url\" content=\"https:\/\/www.5adesign.com.tr\/fr\/politique-de-confidentialite\/\" \/>\n<meta property=\"og:site_name\" content=\"5A\" \/>\n<meta property=\"article:publisher\" content=\"https:\/\/www.facebook.com\/5adesign\" \/>\n<meta property=\"article:modified_time\" content=\"2021-05-10T07:21:08+00:00\" \/>\n<meta name=\"twitter:card\" content=\"summary_large_image\" \/>\n<meta name=\"twitter:site\" content=\"@5Adesign\" \/>\n<meta name=\"twitter:label1\" content=\"Dur\u00e9e de lecture estim\u00e9e\" \/>\n\t<meta name=\"twitter:data1\" content=\"8 minutes\" \/>\n<script type=\"application\/ld+json\" class=\"yoast-schema-graph\">{\"@context\":\"https:\/\/schema.org\",\"@graph\":[{\"@type\":\"WebPage\",\"@id\":\"https:\/\/www.5adesign.com.tr\/fr\/politique-de-confidentialite\/\",\"url\":\"https:\/\/www.5adesign.com.tr\/fr\/politique-de-confidentialite\/\",\"name\":\"Politique de confidentialit\u00e9 &#8211; 5A design meubles\",\"isPartOf\":{\"@id\":\"https:\/\/www.5adesign.com.tr\/fr\/#website\"},\"datePublished\":\"2021-05-09T18:21:16+00:00\",\"dateModified\":\"2021-05-10T07:21:08+00:00\",\"description\":\"Politique de confidentialit\u00e9: Si vous continuez \u00e0 naviguer sur notre site Web, vous acceptez les cookies et les services tiers que nous utilisons pour am\u00e9liorer l'exp\u00e9rience de navigation.\",\"breadcrumb\":{\"@id\":\"https:\/\/www.5adesign.com.tr\/fr\/politique-de-confidentialite\/#breadcrumb\"},\"inLanguage\":\"fr-FR\",\"potentialAction\":[{\"@type\":\"ReadAction\",\"target\":[\"https:\/\/www.5adesign.com.tr\/fr\/politique-de-confidentialite\/\"]}]},{\"@type\":\"BreadcrumbList\",\"@id\":\"https:\/\/www.5adesign.com.tr\/fr\/politique-de-confidentialite\/#breadcrumb\",\"itemListElement\":[{\"@type\":\"ListItem\",\"position\":1,\"name\":\"Home\",\"item\":\"https:\/\/www.5adesign.com.tr\/fr\/accueil\/\"},{\"@type\":\"ListItem\",\"position\":2,\"name\":\"Politique de confidentialit\u00e9\"}]},{\"@type\":\"WebSite\",\"@id\":\"https:\/\/www.5adesign.com.tr\/fr\/#website\",\"url\":\"https:\/\/www.5adesign.com.tr\/fr\/\",\"name\":\"5A\",\"description\":\"Chaises et tables design, depuis 1986\",\"publisher\":{\"@id\":\"https:\/\/www.5adesign.com.tr\/fr\/#organization\"},\"potentialAction\":[{\"@type\":\"SearchAction\",\"target\":{\"@type\":\"EntryPoint\",\"urlTemplate\":\"https:\/\/www.5adesign.com.tr\/fr\/?s={search_term_string}\"},\"query-input\":{\"@type\":\"PropertyValueSpecification\",\"valueRequired\":true,\"valueName\":\"search_term_string\"}}],\"inLanguage\":\"fr-FR\"},{\"@type\":\"Organization\",\"@id\":\"https:\/\/www.5adesign.com.tr\/fr\/#organization\",\"name\":\"5A Design\",\"url\":\"https:\/\/www.5adesign.com.tr\/fr\/\",\"logo\":{\"@type\":\"ImageObject\",\"inLanguage\":\"fr-FR\",\"@id\":\"https:\/\/www.5adesign.com.tr\/fr\/#\/schema\/logo\/image\/\",\"url\":\"https:\/\/www.5adesign.com.tr\/wp-content\/uploads\/2019\/07\/5Aretina-4.jpg\",\"contentUrl\":\"https:\/\/www.5adesign.com.tr\/wp-content\/uploads\/2019\/07\/5Aretina-4.jpg\",\"width\":150,\"height\":150,\"caption\":\"5A Design\"},\"image\":{\"@id\":\"https:\/\/www.5adesign.com.tr\/fr\/#\/schema\/logo\/image\/\"},\"sameAs\":[\"https:\/\/www.facebook.com\/5adesign\",\"https:\/\/x.com\/5Adesign\",\"https:\/\/www.instagram.com\/5adesign\/\",\"https:\/\/www.linkedin.com\/company\/5a-design\",\"https:\/\/tr.pinterest.com\/5adesign\/\",\"https:\/\/www.youtube.com\/channel\/UCPjnPv-ToWdM_oPrYYMmOpA\"]}]}<\/script>\n<!-- \/ Yoast SEO plugin. -->","yoast_head_json":{"title":"Politique de confidentialit\u00e9 &#8211; 5A design meubles","description":"Politique de confidentialit\u00e9: Si vous continuez \u00e0 naviguer sur notre site Web, vous acceptez les cookies et les services tiers que nous utilisons pour am\u00e9liorer l'exp\u00e9rience de navigation.","robots":{"index":"index","follow":"follow","max-snippet":"max-snippet:-1","max-image-preview":"max-image-preview:large","max-video-preview":"max-video-preview:-1"},"canonical":"https:\/\/www.5adesign.com.tr\/fr\/politique-de-confidentialite\/","og_locale":"fr_FR","og_type":"article","og_title":"Politique de confidentialit\u00e9 &#8211; 5A design meubles","og_description":"Politique de confidentialit\u00e9: Si vous continuez \u00e0 naviguer sur notre site Web, vous acceptez les cookies et les services tiers que nous utilisons pour am\u00e9liorer l'exp\u00e9rience de navigation.","og_url":"https:\/\/www.5adesign.com.tr\/fr\/politique-de-confidentialite\/","og_site_name":"5A","article_publisher":"https:\/\/www.facebook.com\/5adesign","article_modified_time":"2021-05-10T07:21:08+00:00","twitter_card":"summary_large_image","twitter_site":"@5Adesign","twitter_misc":{"Dur\u00e9e de lecture estim\u00e9e":"8 minutes"},"schema":{"@context":"https:\/\/schema.org","@graph":[{"@type":"WebPage","@id":"https:\/\/www.5adesign.com.tr\/fr\/politique-de-confidentialite\/","url":"https:\/\/www.5adesign.com.tr\/fr\/politique-de-confidentialite\/","name":"Politique de confidentialit\u00e9 &#8211; 5A design meubles","isPartOf":{"@id":"https:\/\/www.5adesign.com.tr\/fr\/#website"},"datePublished":"2021-05-09T18:21:16+00:00","dateModified":"2021-05-10T07:21:08+00:00","description":"Politique de confidentialit\u00e9: Si vous continuez \u00e0 naviguer sur notre site Web, vous acceptez les cookies et les services tiers que nous utilisons pour am\u00e9liorer l'exp\u00e9rience de navigation.","breadcrumb":{"@id":"https:\/\/www.5adesign.com.tr\/fr\/politique-de-confidentialite\/#breadcrumb"},"inLanguage":"fr-FR","potentialAction":[{"@type":"ReadAction","target":["https:\/\/www.5adesign.com.tr\/fr\/politique-de-confidentialite\/"]}]},{"@type":"BreadcrumbList","@id":"https:\/\/www.5adesign.com.tr\/fr\/politique-de-confidentialite\/#breadcrumb","itemListElement":[{"@type":"ListItem","position":1,"name":"Home","item":"https:\/\/www.5adesign.com.tr\/fr\/accueil\/"},{"@type":"ListItem","position":2,"name":"Politique de confidentialit\u00e9"}]},{"@type":"WebSite","@id":"https:\/\/www.5adesign.com.tr\/fr\/#website","url":"https:\/\/www.5adesign.com.tr\/fr\/","name":"5A","description":"Chaises et tables design, depuis 1986","publisher":{"@id":"https:\/\/www.5adesign.com.tr\/fr\/#organization"},"potentialAction":[{"@type":"SearchAction","target":{"@type":"EntryPoint","urlTemplate":"https:\/\/www.5adesign.com.tr\/fr\/?s={search_term_string}"},"query-input":{"@type":"PropertyValueSpecification","valueRequired":true,"valueName":"search_term_string"}}],"inLanguage":"fr-FR"},{"@type":"Organization","@id":"https:\/\/www.5adesign.com.tr\/fr\/#organization","name":"5A Design","url":"https:\/\/www.5adesign.com.tr\/fr\/","logo":{"@type":"ImageObject","inLanguage":"fr-FR","@id":"https:\/\/www.5adesign.com.tr\/fr\/#\/schema\/logo\/image\/","url":"https:\/\/www.5adesign.com.tr\/wp-content\/uploads\/2019\/07\/5Aretina-4.jpg","contentUrl":"https:\/\/www.5adesign.com.tr\/wp-content\/uploads\/2019\/07\/5Aretina-4.jpg","width":150,"height":150,"caption":"5A Design"},"image":{"@id":"https:\/\/www.5adesign.com.tr\/fr\/#\/schema\/logo\/image\/"},"sameAs":["https:\/\/www.facebook.com\/5adesign","https:\/\/x.com\/5Adesign","https:\/\/www.instagram.com\/5adesign\/","https:\/\/www.linkedin.com\/company\/5a-design","https:\/\/tr.pinterest.com\/5adesign\/","https:\/\/www.youtube.com\/channel\/UCPjnPv-ToWdM_oPrYYMmOpA"]}]}},"_links":{"self":[{"href":"https:\/\/www.5adesign.com.tr\/fr\/wp-json\/wp\/v2\/pages\/37506","targetHints":{"allow":["GET"]}}],"collection":[{"href":"https:\/\/www.5adesign.com.tr\/fr\/wp-json\/wp\/v2\/pages"}],"about":[{"href":"https:\/\/www.5adesign.com.tr\/fr\/wp-json\/wp\/v2\/types\/page"}],"author":[{"embeddable":true,"href":"https:\/\/www.5adesign.com.tr\/fr\/wp-json\/wp\/v2\/users\/1"}],"replies":[{"embeddable":true,"href":"https:\/\/www.5adesign.com.tr\/fr\/wp-json\/wp\/v2\/comments?post=37506"}],"version-history":[{"count":0,"href":"https:\/\/www.5adesign.com.tr\/fr\/wp-json\/wp\/v2\/pages\/37506\/revisions"}],"wp:attachment":[{"href":"https:\/\/www.5adesign.com.tr\/fr\/wp-json\/wp\/v2\/media?parent=37506"}],"curies":[{"name":"wp","href":"https:\/\/api.w.org\/{rel}","templated":true}]}}