{"id":37353,"date":"2021-05-09T18:20:38","date_gmt":"2021-05-09T18:20:38","guid":{"rendered":"https:\/\/www.5adesign.com.tr\/ressources\/dessins-2d-et-3d\/"},"modified":"2021-05-29T09:39:57","modified_gmt":"2021-05-29T09:39:57","slug":"dessins-2d-et-3d","status":"publish","type":"page","link":"https:\/\/www.5adesign.com.tr\/fr\/ressources\/dessins-2d-et-3d\/","title":{"rendered":"Dessins 2D et 3D"},"content":{"rendered":"<p><div class=\"fusion-fullwidth fullwidth-box fusion-builder-row-1 hundred-percent-fullwidth non-hundred-percent-height-scrolling\" style=\"--awb-border-radius-top-left:0px;--awb-border-radius-top-right:0px;--awb-border-radius-bottom-right:0px;--awb-border-radius-bottom-left:0px;--awb-padding-top:-30px;--awb-padding-right:0px;--awb-padding-bottom:-24px;--awb-padding-left:0px;--awb-margin-top:-60px;--awb-margin-bottom:-24px;--awb-flex-wrap:wrap;\" ><div class=\"fusion-builder-row fusion-row\"><div class=\"fusion-layout-column fusion_builder_column fusion-builder-column-0 fusion_builder_column_1_1 1_1 fusion-one-full fusion-column-first fusion-column-last\" style=\"--awb-bg-size:cover;\"><div class=\"fusion-column-wrapper fusion-column-has-shadow fusion-flex-column-wrapper-legacy\"><div class=\"fusion-sep-clear\"><\/div><div class=\"fusion-separator fusion-full-width-sep\" style=\"margin-left: auto;margin-right: auto;margin-top:6px;margin-bottom:24px;width:100%;\"><div class=\"fusion-separator-border sep-single sep-solid\" style=\"--awb-height:20px;--awb-amount:20px;--awb-sep-color:#ffffff;border-color:#ffffff;border-top-width:2px;\"><\/div><\/div><div class=\"fusion-sep-clear\"><\/div><div class=\"fusion-clearfix\"><\/div><\/div><\/div><\/div><\/div>\n<div class=\"fusion-fullwidth fullwidth-box fusion-builder-row-2 nonhundred-percent-fullwidth non-hundred-percent-height-scrolling\" style=\"--awb-border-radius-top-left:0px;--awb-border-radius-top-right:0px;--awb-border-radius-bottom-right:0px;--awb-border-radius-bottom-left:0px;--awb-margin-top:-44px;--awb-margin-bottom:-60px;--awb-background-color:#f4f4f4;--awb-flex-wrap:wrap;\" ><div class=\"fusion-builder-row fusion-row\"><div class=\"fusion-layout-column fusion_builder_column fusion-builder-column-1 fusion_builder_column_1_1 1_1 fusion-one-full fusion-column-first fusion-column-last\" style=\"--awb-bg-size:cover;\"><div class=\"fusion-column-wrapper fusion-column-has-shadow fusion-flex-column-wrapper-legacy\"><div class=\"fusion-widget-area awb-widget-area-element fusion-widget-area-1 fusion-content-widget-area\" style=\"--awb-title-size:15px;--awb-title-color:#333333;--awb-padding:0px 0px -12px 0px;\"><style type=\"text\/css\" data-id=\"menu-widget-8\">@media (max-width: 800px){#menu-widget-8{text-align:center !important;}}<\/style><div id=\"menu-widget-8\" class=\"fusion-widget-mobile-align-center fusion-widget-align-center widget menu\" style=\"padding: 21px;background-color: #f4f4f4;border-style: solid;text-align: center;border-color:transparent;border-width:0px;\"><style type=\"text\/css\">#menu-widget-8{text-align:center;}#fusion-menu-widget-8 li{display:inline-block;}#fusion-menu-widget-8 ul li a{display:inline-block;padding:0;border:0;color:#3a3a3a;font-size:16.5px;}#fusion-menu-widget-8 ul li a:after{content:\"\";color:#3a3a3a;padding-right:18px;padding-left:18px;font-size:16.5px;}#fusion-menu-widget-8 ul li a:hover,#fusion-menu-widget-8 ul .menu-item.current-menu-item a{color:#03a9f4;}#fusion-menu-widget-8 ul li:last-child a:after{display:none;}#fusion-menu-widget-8 ul li .fusion-widget-cart-number{margin:0 7px;background-color:#03a9f4;color:#3a3a3a;}#fusion-menu-widget-8 ul li.fusion-active-cart-icon .fusion-widget-cart-icon:after{color:#03a9f4;}<\/style><nav id=\"fusion-menu-widget-8\" class=\"fusion-widget-menu\" aria-label=\"Secondary Navigation: \"><ul id=\"menu-ressources\" class=\"menu\"><li id=\"menu-item-37748\" class=\"menu-item menu-item-type-post_type menu-item-object-page menu-item-37748\"><a href=\"https:\/\/www.5adesign.com.tr\/fr\/ressources\/catalogues\/\">Catalogues<\/a><\/li><li id=\"menu-item-37749\" class=\"menu-item menu-item-type-post_type menu-item-object-page menu-item-37749\"><a href=\"https:\/\/www.5adesign.com.tr\/fr\/ressources\/liste-de-prix\/\">Liste de prix<\/a><\/li><li id=\"menu-item-37750\" class=\"menu-item menu-item-type-post_type menu-item-object-page menu-item-37750\"><a href=\"https:\/\/www.5adesign.com.tr\/fr\/ressources\/fiches-produits\/\">Fiches produits<\/a><\/li><li id=\"menu-item-37751\" class=\"menu-item menu-item-type-post_type menu-item-object-page menu-item-37751\"><a href=\"https:\/\/www.5adesign.com.tr\/fr\/ressources\/dessins-2d-et-3d\/\">Dessins 2D et 3D<\/a><\/li><\/ul><\/nav><\/div><div class=\"fusion-additional-widget-content\"><\/div><\/div><div class=\"fusion-clearfix\"><\/div><\/div><\/div><\/div><\/div>\n<div class=\"fusion-fullwidth fullwidth-box fusion-builder-row-3 fusion-flex-container nonhundred-percent-fullwidth non-hundred-percent-height-scrolling\" style=\"--awb-border-radius-top-left:0px;--awb-border-radius-top-right:0px;--awb-border-radius-bottom-right:0px;--awb-border-radius-bottom-left:0px;--awb-margin-bottom:15px;--awb-flex-wrap:wrap;\" ><div class=\"fusion-builder-row fusion-row fusion-flex-align-items-flex-start fusion-flex-content-wrap\" style=\"max-width:1456px;margin-left: calc(-4% \/ 2 );margin-right: calc(-4% \/ 2 );\"><div class=\"fusion-layout-column fusion_builder_column fusion-builder-column-2 fusion_builder_column_1_6 1_6 fusion-flex-column\" style=\"--awb-bg-size:cover;--awb-width-large:16.666666666667%;--awb-margin-top-large:0px;--awb-spacing-right-large:11.52%;--awb-margin-bottom-large:20px;--awb-spacing-left-large:11.52%;--awb-width-medium:100%;--awb-order-medium:0;--awb-spacing-right-medium:1.92%;--awb-spacing-left-medium:1.92%;--awb-width-small:100%;--awb-order-small:0;--awb-spacing-right-small:1.92%;--awb-spacing-left-small:1.92%;\"><div class=\"fusion-column-wrapper fusion-column-has-shadow fusion-flex-justify-content-flex-start fusion-content-layout-column\"><\/div><\/div><div class=\"fusion-layout-column fusion_builder_column fusion-builder-column-3 fusion_builder_column_2_3 2_3 fusion-flex-column\" style=\"--awb-bg-size:cover;--awb-width-large:66.666666666667%;--awb-margin-top-large:0px;--awb-spacing-right-large:2.88%;--awb-margin-bottom-large:20px;--awb-spacing-left-large:2.88%;--awb-width-medium:100%;--awb-order-medium:0;--awb-spacing-right-medium:1.92%;--awb-spacing-left-medium:1.92%;--awb-width-small:100%;--awb-order-small:0;--awb-spacing-right-small:1.92%;--awb-spacing-left-small:1.92%;\"><div class=\"fusion-column-wrapper fusion-column-has-shadow fusion-flex-justify-content-flex-start fusion-content-layout-column\"><div class=\"fusion-title title fusion-title-1 fusion-sep-none fusion-title-center fusion-title-text fusion-title-size-four\" style=\"--awb-text-color:#000000;--awb-margin-top:30px;--awb-margin-bottom:18px;\"><h4 class=\"fusion-title-heading title-heading-center fusion-responsive-typography-calculated\" style=\"font-family:&quot;Futura Book&quot;;font-style:normal;font-weight:400;margin:0;--fontSize:18;--minFontSize:18;line-height:1.43;\"><span style=\"font-size: 36pt; font-family: futura book;\">DESSINS 2D ET 3D<\/span><\/h4><\/div><div class=\"fusion-text fusion-text-1\"><p style=\"text-align: center;\"><span style=\"font-family: 'futura book'; color: #3a3a3a; font-size: 12pt;\">Cette zone est restreinte et en construction pour le moment. En attendant, vous pouvez nous envoyer un e-mail mentionnant les dessins 2D et 3D du mod\u00e8le n\u00e9cessaires et nous vous fournirons dans les plus brefs d\u00e9lais.<\/span><\/p>\n<\/div><\/div><\/div><div class=\"fusion-layout-column fusion_builder_column fusion-builder-column-4 fusion_builder_column_1_6 1_6 fusion-flex-column\" style=\"--awb-bg-size:cover;--awb-width-large:16.666666666667%;--awb-margin-top-large:0px;--awb-spacing-right-large:11.52%;--awb-margin-bottom-large:20px;--awb-spacing-left-large:11.52%;--awb-width-medium:100%;--awb-order-medium:0;--awb-spacing-right-medium:1.92%;--awb-spacing-left-medium:1.92%;--awb-width-small:100%;--awb-order-small:0;--awb-spacing-right-small:1.92%;--awb-spacing-left-small:1.92%;\"><div class=\"fusion-column-wrapper fusion-column-has-shadow fusion-flex-justify-content-flex-start fusion-content-layout-column\"><\/div><\/div><\/div><\/div><div id=\"Bulletin\" class=\"fusion-container-anchor\"><div class=\"fusion-fullwidth fullwidth-box fusion-builder-row-4 hundred-percent-fullwidth non-hundred-percent-height-scrolling\" style=\"--awb-border-sizes-top:0px;--awb-border-sizes-bottom:0px;--awb-border-sizes-left:0px;--awb-border-sizes-right:0px;--awb-border-color:#828282;--awb-border-style:dotted;--awb-border-radius-top-left:0px;--awb-border-radius-top-right:0px;--awb-border-radius-bottom-right:0px;--awb-border-radius-bottom-left:0px;--awb-padding-top:45px;--awb-padding-right:30px;--awb-padding-bottom:40px;--awb-padding-left:30px;--awb-margin-top:36px;--awb-margin-bottom:-40px;--awb-background-color:#efefef;--awb-flex-wrap:wrap;\" ><div class=\"fusion-builder-row fusion-row\"><div class=\"fusion-layout-column fusion_builder_column fusion-builder-column-5 fusion_builder_column_1_1 1_1 fusion-one-full fusion-column-first fusion-column-last\" style=\"--awb-bg-size:cover;--awb-margin-top:-15px;--awb-margin-bottom:-10px;\"><div class=\"fusion-column-wrapper fusion-column-has-shadow fusion-flex-column-wrapper-legacy\"><div class=\"fusion-clearfix\"><\/div><\/div><\/div><div class=\"fusion-layout-column fusion_builder_column fusion-builder-column-6 fusion_builder_column_1_3 1_3 fusion-one-third fusion-column-first\" style=\"--awb-bg-size:cover;--awb-margin-bottom:0px;width:33.333333333333%;width:calc(33.333333333333% - ( ( 4% ) * 0.33333333333333 ) );margin-right: 4%;\"><div class=\"fusion-column-wrapper fusion-column-has-shadow fusion-flex-column-wrapper-legacy\"><div class=\"fusion-clearfix\"><\/div><\/div><\/div><\/div><\/div><\/div>\n<\/p>\n","protected":false},"excerpt":{"rendered":"","protected":false},"author":1,"featured_media":0,"parent":37228,"menu_order":5,"comment_status":"closed","ping_status":"closed","template":"100-width.php","meta":{"_monsterinsights_skip_tracking":false,"_monsterinsights_sitenote_active":false,"_monsterinsights_sitenote_note":"","_monsterinsights_sitenote_category":0,"footnotes":""},"class_list":["post-37353","page","type-page","status-publish","hentry"],"yoast_head":"<!-- This site is optimized with the Yoast SEO plugin v26.7 - https:\/\/yoast.com\/wordpress\/plugins\/seo\/ -->\n<title>Dessins 2D et 3D ; donn\u00e9es pour les familles de produits &#8211; 5A meubles design<\/title>\n<meta name=\"description\" content=\"Les dessins techniques comprennent tous les dessins n\u00e9cessaires aux familles de produits.\" \/>\n<meta name=\"robots\" content=\"index, follow, max-snippet:-1, max-image-preview:large, max-video-preview:-1\" \/>\n<link rel=\"canonical\" href=\"https:\/\/www.5adesign.com.tr\/fr\/ressources\/dessins-2d-et-3d\/\" \/>\n<meta property=\"og:locale\" content=\"fr_FR\" \/>\n<meta property=\"og:type\" content=\"article\" \/>\n<meta property=\"og:title\" content=\"Dessins 2D et 3D ; donn\u00e9es pour les familles de produits &#8211; 5A meubles design\" \/>\n<meta property=\"og:description\" content=\"Les dessins techniques comprennent tous les dessins n\u00e9cessaires aux familles de produits.\" \/>\n<meta property=\"og:url\" content=\"https:\/\/www.5adesign.com.tr\/fr\/ressources\/dessins-2d-et-3d\/\" \/>\n<meta property=\"og:site_name\" content=\"5A\" \/>\n<meta property=\"article:publisher\" content=\"https:\/\/www.facebook.com\/5adesign\" \/>\n<meta property=\"article:modified_time\" content=\"2021-05-29T09:39:57+00:00\" \/>\n<meta name=\"twitter:card\" content=\"summary_large_image\" \/>\n<meta name=\"twitter:site\" content=\"@5Adesign\" \/>\n<meta name=\"twitter:label1\" content=\"Dur\u00e9e de lecture estim\u00e9e\" \/>\n\t<meta name=\"twitter:data1\" content=\"5 minutes\" \/>\n<script type=\"application\/ld+json\" class=\"yoast-schema-graph\">{\"@context\":\"https:\/\/schema.org\",\"@graph\":[{\"@type\":\"WebPage\",\"@id\":\"https:\/\/www.5adesign.com.tr\/fr\/ressources\/dessins-2d-et-3d\/\",\"url\":\"https:\/\/www.5adesign.com.tr\/fr\/ressources\/dessins-2d-et-3d\/\",\"name\":\"Dessins 2D et 3D ; donn\u00e9es pour les familles de produits &#8211; 5A meubles design\",\"isPartOf\":{\"@id\":\"https:\/\/www.5adesign.com.tr\/fr\/#website\"},\"datePublished\":\"2021-05-09T18:20:38+00:00\",\"dateModified\":\"2021-05-29T09:39:57+00:00\",\"description\":\"Les dessins techniques comprennent tous les dessins n\u00e9cessaires aux familles de produits.\",\"breadcrumb\":{\"@id\":\"https:\/\/www.5adesign.com.tr\/fr\/ressources\/dessins-2d-et-3d\/#breadcrumb\"},\"inLanguage\":\"fr-FR\",\"potentialAction\":[{\"@type\":\"ReadAction\",\"target\":[\"https:\/\/www.5adesign.com.tr\/fr\/ressources\/dessins-2d-et-3d\/\"]}]},{\"@type\":\"BreadcrumbList\",\"@id\":\"https:\/\/www.5adesign.com.tr\/fr\/ressources\/dessins-2d-et-3d\/#breadcrumb\",\"itemListElement\":[{\"@type\":\"ListItem\",\"position\":1,\"name\":\"Home\",\"item\":\"https:\/\/www.5adesign.com.tr\/fr\/accueil\/\"},{\"@type\":\"ListItem\",\"position\":2,\"name\":\"Ressources\",\"item\":\"https:\/\/www.5adesign.com.tr\/fr\/ressources\/\"},{\"@type\":\"ListItem\",\"position\":3,\"name\":\"Dessins 2D et 3D\"}]},{\"@type\":\"WebSite\",\"@id\":\"https:\/\/www.5adesign.com.tr\/fr\/#website\",\"url\":\"https:\/\/www.5adesign.com.tr\/fr\/\",\"name\":\"5A\",\"description\":\"Chaises et tables design, depuis 1986\",\"publisher\":{\"@id\":\"https:\/\/www.5adesign.com.tr\/fr\/#organization\"},\"potentialAction\":[{\"@type\":\"SearchAction\",\"target\":{\"@type\":\"EntryPoint\",\"urlTemplate\":\"https:\/\/www.5adesign.com.tr\/fr\/?s={search_term_string}\"},\"query-input\":{\"@type\":\"PropertyValueSpecification\",\"valueRequired\":true,\"valueName\":\"search_term_string\"}}],\"inLanguage\":\"fr-FR\"},{\"@type\":\"Organization\",\"@id\":\"https:\/\/www.5adesign.com.tr\/fr\/#organization\",\"name\":\"5A Design\",\"url\":\"https:\/\/www.5adesign.com.tr\/fr\/\",\"logo\":{\"@type\":\"ImageObject\",\"inLanguage\":\"fr-FR\",\"@id\":\"https:\/\/www.5adesign.com.tr\/fr\/#\/schema\/logo\/image\/\",\"url\":\"https:\/\/www.5adesign.com.tr\/wp-content\/uploads\/2019\/07\/5Aretina-4.jpg\",\"contentUrl\":\"https:\/\/www.5adesign.com.tr\/wp-content\/uploads\/2019\/07\/5Aretina-4.jpg\",\"width\":150,\"height\":150,\"caption\":\"5A Design\"},\"image\":{\"@id\":\"https:\/\/www.5adesign.com.tr\/fr\/#\/schema\/logo\/image\/\"},\"sameAs\":[\"https:\/\/www.facebook.com\/5adesign\",\"https:\/\/x.com\/5Adesign\",\"https:\/\/www.instagram.com\/5adesign\/\",\"https:\/\/www.linkedin.com\/company\/5a-design\",\"https:\/\/tr.pinterest.com\/5adesign\/\",\"https:\/\/www.youtube.com\/channel\/UCPjnPv-ToWdM_oPrYYMmOpA\"]}]}<\/script>\n<!-- \/ Yoast SEO plugin. -->","yoast_head_json":{"title":"Dessins 2D et 3D ; donn\u00e9es pour les familles de produits &#8211; 5A meubles design","description":"Les dessins techniques comprennent tous les dessins n\u00e9cessaires aux familles de produits.","robots":{"index":"index","follow":"follow","max-snippet":"max-snippet:-1","max-image-preview":"max-image-preview:large","max-video-preview":"max-video-preview:-1"},"canonical":"https:\/\/www.5adesign.com.tr\/fr\/ressources\/dessins-2d-et-3d\/","og_locale":"fr_FR","og_type":"article","og_title":"Dessins 2D et 3D ; donn\u00e9es pour les familles de produits &#8211; 5A meubles design","og_description":"Les dessins techniques comprennent tous les dessins n\u00e9cessaires aux familles de produits.","og_url":"https:\/\/www.5adesign.com.tr\/fr\/ressources\/dessins-2d-et-3d\/","og_site_name":"5A","article_publisher":"https:\/\/www.facebook.com\/5adesign","article_modified_time":"2021-05-29T09:39:57+00:00","twitter_card":"summary_large_image","twitter_site":"@5Adesign","twitter_misc":{"Dur\u00e9e de lecture estim\u00e9e":"5 minutes"},"schema":{"@context":"https:\/\/schema.org","@graph":[{"@type":"WebPage","@id":"https:\/\/www.5adesign.com.tr\/fr\/ressources\/dessins-2d-et-3d\/","url":"https:\/\/www.5adesign.com.tr\/fr\/ressources\/dessins-2d-et-3d\/","name":"Dessins 2D et 3D ; donn\u00e9es pour les familles de produits &#8211; 5A meubles design","isPartOf":{"@id":"https:\/\/www.5adesign.com.tr\/fr\/#website"},"datePublished":"2021-05-09T18:20:38+00:00","dateModified":"2021-05-29T09:39:57+00:00","description":"Les dessins techniques comprennent tous les dessins n\u00e9cessaires aux familles de produits.","breadcrumb":{"@id":"https:\/\/www.5adesign.com.tr\/fr\/ressources\/dessins-2d-et-3d\/#breadcrumb"},"inLanguage":"fr-FR","potentialAction":[{"@type":"ReadAction","target":["https:\/\/www.5adesign.com.tr\/fr\/ressources\/dessins-2d-et-3d\/"]}]},{"@type":"BreadcrumbList","@id":"https:\/\/www.5adesign.com.tr\/fr\/ressources\/dessins-2d-et-3d\/#breadcrumb","itemListElement":[{"@type":"ListItem","position":1,"name":"Home","item":"https:\/\/www.5adesign.com.tr\/fr\/accueil\/"},{"@type":"ListItem","position":2,"name":"Ressources","item":"https:\/\/www.5adesign.com.tr\/fr\/ressources\/"},{"@type":"ListItem","position":3,"name":"Dessins 2D et 3D"}]},{"@type":"WebSite","@id":"https:\/\/www.5adesign.com.tr\/fr\/#website","url":"https:\/\/www.5adesign.com.tr\/fr\/","name":"5A","description":"Chaises et tables design, depuis 1986","publisher":{"@id":"https:\/\/www.5adesign.com.tr\/fr\/#organization"},"potentialAction":[{"@type":"SearchAction","target":{"@type":"EntryPoint","urlTemplate":"https:\/\/www.5adesign.com.tr\/fr\/?s={search_term_string}"},"query-input":{"@type":"PropertyValueSpecification","valueRequired":true,"valueName":"search_term_string"}}],"inLanguage":"fr-FR"},{"@type":"Organization","@id":"https:\/\/www.5adesign.com.tr\/fr\/#organization","name":"5A Design","url":"https:\/\/www.5adesign.com.tr\/fr\/","logo":{"@type":"ImageObject","inLanguage":"fr-FR","@id":"https:\/\/www.5adesign.com.tr\/fr\/#\/schema\/logo\/image\/","url":"https:\/\/www.5adesign.com.tr\/wp-content\/uploads\/2019\/07\/5Aretina-4.jpg","contentUrl":"https:\/\/www.5adesign.com.tr\/wp-content\/uploads\/2019\/07\/5Aretina-4.jpg","width":150,"height":150,"caption":"5A Design"},"image":{"@id":"https:\/\/www.5adesign.com.tr\/fr\/#\/schema\/logo\/image\/"},"sameAs":["https:\/\/www.facebook.com\/5adesign","https:\/\/x.com\/5Adesign","https:\/\/www.instagram.com\/5adesign\/","https:\/\/www.linkedin.com\/company\/5a-design","https:\/\/tr.pinterest.com\/5adesign\/","https:\/\/www.youtube.com\/channel\/UCPjnPv-ToWdM_oPrYYMmOpA"]}]}},"_links":{"self":[{"href":"https:\/\/www.5adesign.com.tr\/fr\/wp-json\/wp\/v2\/pages\/37353","targetHints":{"allow":["GET"]}}],"collection":[{"href":"https:\/\/www.5adesign.com.tr\/fr\/wp-json\/wp\/v2\/pages"}],"about":[{"href":"https:\/\/www.5adesign.com.tr\/fr\/wp-json\/wp\/v2\/types\/page"}],"author":[{"embeddable":true,"href":"https:\/\/www.5adesign.com.tr\/fr\/wp-json\/wp\/v2\/users\/1"}],"replies":[{"embeddable":true,"href":"https:\/\/www.5adesign.com.tr\/fr\/wp-json\/wp\/v2\/comments?post=37353"}],"version-history":[{"count":0,"href":"https:\/\/www.5adesign.com.tr\/fr\/wp-json\/wp\/v2\/pages\/37353\/revisions"}],"up":[{"embeddable":true,"href":"https:\/\/www.5adesign.com.tr\/fr\/wp-json\/wp\/v2\/pages\/37228"}],"wp:attachment":[{"href":"https:\/\/www.5adesign.com.tr\/fr\/wp-json\/wp\/v2\/media?parent=37353"}],"curies":[{"name":"wp","href":"https:\/\/api.w.org\/{rel}","templated":true}]}}